{"id":4471,"date":"2025-05-21T13:32:17","date_gmt":"2025-05-21T10:32:17","guid":{"rendered":"https:\/\/setametal.com\/new\/?page_id=4471"},"modified":"2025-12-02T15:41:17","modified_gmt":"2025-12-02T12:41:17","slug":"decoupe-de-profiles-par-laser","status":"publish","type":"page","link":"https:\/\/setametaleurope.com\/de\/decoupe-de-profiles-par-laser\/","title":{"rendered":"D\u00e9coupe de profil\u00e9s par laser"},"content":{"rendered":"<div data-elementor-type=\"wp-page\" data-elementor-id=\"4471\" class=\"elementor elementor-4471\">\n\t\t\t\t<div class=\"elementor-element elementor-element-5c97bed e-flex e-con-boxed e-con e-parent\" data-id=\"5c97bed\" data-element_type=\"container\">\n\t\t\t\t\t<div class=\"e-con-inner\">\n\t\t\t\t<div class=\"elementor-element elementor-element-ef71aa9 elementor-widget elementor-widget-heading\" data-id=\"ef71aa9\" data-element_type=\"widget\" data-widget_type=\"heading.default\">\n\t\t\t\t<div class=\"elementor-widget-container\">\n\t\t\t\t\t<h2 class=\"elementor-heading-title elementor-size-default\">Profillaserschneiden<\/h2>\t\t\t\t<\/div>\n\t\t\t\t<\/div>\n\t\t\t\t<div class=\"elementor-element elementor-element-f3eca9f elementor-widget__width-initial elementor-widget elementor-widget-text-editor\" data-id=\"f3eca9f\" data-element_type=\"widget\" data-widget_type=\"text-editor.default\">\n\t\t\t\t<div class=\"elementor-widget-container\">\n\t\t\t\t\t\t\t\t\t<p>Bei Seta Metal bieten wir Rohr- und Profilschnitte mit hoher Pr\u00e4zision und hervorragender Oberfl\u00e4chenqualit\u00e4t an. Wir stellen einen Laserzuschnitt-Service f\u00fcr Profile bereit. Dank unserer modernen CNC-Lasermaschinen bearbeiten wir Metallprofile verschiedener Gr\u00f6\u00dfen und St\u00e4rken schnell und fehlerfrei.<\/p><p>Der Laserzuschnitt von Profilen ist einer der wichtigsten Produktionsschritte, insbesondere f\u00fcr Transportbeh\u00e4lter, Rollk\u00e4figsysteme, G\u00fctertransportfahrzeuge und kundenspezifische Metallprodukte. Durch den Laserzuschnitt wird der Vorbereitungsprozess vor dem Schwei\u00dfen beschleunigt, die Montage erleichtert und die Gesamtqualit\u00e4t des Produkts verbessert.<\/p><p>Dienstleistungsmerkmale<\/p><ul><li>Laserschneiden von quadratischen, rechteckigen, ovalen und runden Profilen<\/li><li>CNC-gesteuerte Hochpr\u00e4zisionsschneidetechnologie<\/li><li>Saubere, gratfreie Schnittfl\u00e4chen, montagebereit<\/li><li>M\u00f6glichkeit des Zuschnitts mit projektspezifischen Mustern oder Winkeln.<\/li><li>Zuschnitt von Blechen aus Edelstahl, DKP (kaltgewalzter Stahl), verzinktem Stahl und Aluminium.<\/li><\/ul><p>Bei Seta Metal bieten wir Laserzuschnitt-Unterst\u00fctzung f\u00fcr kleine und gro\u00dfe Projekte an und realisieren Sonderanfertigungen nach den Anforderungen verschiedener Branchen. Kontaktieren Sie uns f\u00fcr schnelle, zuverl\u00e4ssige und hochwertige L\u00f6sungen im Profilzuschnitt.<\/p>\t\t\t\t\t\t\t\t<\/div>\n\t\t\t\t<\/div>\n\t\t\t\t<div class=\"elementor-element elementor-element-a4a647e elementor-widget elementor-widget-tactiko-image-carousel\" data-id=\"a4a647e\" data-element_type=\"widget\" data-widget_type=\"tactiko-image-carousel.default\">\n\t\t\t\t<div class=\"elementor-widget-container\">\n\t\t\t\t\t        <div >\n\n            <div class=\"d-grid\">\n                                    <div class=\"image-carousel-item grid-item\">\n                                                <a data-elementor-open-lightbox=\"yes\" data-elementor-lightbox-slideshow=\"a4a647e\" data-elementor-lightbox-title=\"profil-lazer-kesim-2\" data-e-action-hash=\"#elementor-action%3Aaction%3Dlightbox%26settings%3DeyJpZCI6NDQ3NCwidXJsIjoiaHR0cHM6XC9cL3NldGFtZXRhbGV1cm9wZS5jb21cL3dwLWNvbnRlbnRcL3VwbG9hZHNcLzIwMjVcLzA1XC9wcm9maWwtbGF6ZXIta2VzaW0tMi5qcGciLCJzbGlkZXNob3ciOiJhNGE2NDdlIn0%3D\" href=\"https:\/\/setametaleurope.com\/wp-content\/uploads\/2025\/05\/profil-lazer-kesim-2.jpg\">\n                            <img decoding=\"async\" src=\"https:\/\/setametaleurope.com\/wp-content\/uploads\/2025\/05\/profil-lazer-kesim-2.jpg\" alt=\"profil-lazer-kesim-2\"\/>\n                            <i aria-hidden=\"true\" class=\"hover-icon tactiko-icon- tactiko-icon-plus\"><\/i>\n                        <\/a>\n                                            <\/div>\n                                    <div class=\"image-carousel-item grid-item\">\n                                                <a data-elementor-open-lightbox=\"yes\" data-elementor-lightbox-slideshow=\"a4a647e\" data-elementor-lightbox-title=\"profil-lazer-kesim-3\" data-e-action-hash=\"#elementor-action%3Aaction%3Dlightbox%26settings%3DeyJpZCI6NDQ3NSwidXJsIjoiaHR0cHM6XC9cL3NldGFtZXRhbGV1cm9wZS5jb21cL3dwLWNvbnRlbnRcL3VwbG9hZHNcLzIwMjVcLzA1XC9wcm9maWwtbGF6ZXIta2VzaW0tMy5qcGciLCJzbGlkZXNob3ciOiJhNGE2NDdlIn0%3D\" href=\"https:\/\/setametaleurope.com\/wp-content\/uploads\/2025\/05\/profil-lazer-kesim-3.jpg\">\n                            <img decoding=\"async\" src=\"https:\/\/setametaleurope.com\/wp-content\/uploads\/2025\/05\/profil-lazer-kesim-3.jpg\" alt=\"profil-lazer-kesim-3\"\/>\n                            <i aria-hidden=\"true\" class=\"hover-icon tactiko-icon- tactiko-icon-plus\"><\/i>\n                        <\/a>\n                                            <\/div>\n                                    <div class=\"image-carousel-item grid-item\">\n                                                <a data-elementor-open-lightbox=\"yes\" data-elementor-lightbox-slideshow=\"a4a647e\" data-elementor-lightbox-title=\"profil-lazer-kesim-1\" data-e-action-hash=\"#elementor-action%3Aaction%3Dlightbox%26settings%3DeyJpZCI6NDQ3NiwidXJsIjoiaHR0cHM6XC9cL3NldGFtZXRhbGV1cm9wZS5jb21cL3dwLWNvbnRlbnRcL3VwbG9hZHNcLzIwMjVcLzA1XC9wcm9maWwtbGF6ZXIta2VzaW0tMS0xLmpwZyIsInNsaWRlc2hvdyI6ImE0YTY0N2UifQ%3D%3D\" href=\"https:\/\/setametaleurope.com\/wp-content\/uploads\/2025\/05\/profil-lazer-kesim-1-1.jpg\">\n                            <img decoding=\"async\" src=\"https:\/\/setametaleurope.com\/wp-content\/uploads\/2025\/05\/profil-lazer-kesim-1-1.jpg\" alt=\"profil-lazer-kesim-1\"\/>\n                            <i aria-hidden=\"true\" class=\"hover-icon tactiko-icon- tactiko-icon-plus\"><\/i>\n                        <\/a>\n                                            <\/div>\n                \n            <\/div>\n        <\/div>\n                        \t\t\t\t<\/div>\n\t\t\t\t<\/div>\n\t\t\t\t\t<\/div>\n\t\t\t\t<\/div>\n\t\t\t\t<\/div>","protected":false},"excerpt":{"rendered":"<p>D\u00e9coupe Laser de Profil\u00e9s Chez Seta Metal, nous offrons une d\u00e9coupe de tuyaux et de profil\u00e9s avec une haute pr\u00e9cision et une excellente qualit\u00e9 de surface. Nous proposons un service de d\u00e9coupe laser de profil\u00e9s. Gr\u00e2ce \u00e0 nos machines laser CNC de pointe, nous traitons rapidement et sans erreur des profil\u00e9s m\u00e9talliques de diff\u00e9rentes tailles [&hellip;]<\/p>\n","protected":false},"author":1,"featured_media":0,"parent":0,"menu_order":0,"comment_status":"closed","ping_status":"closed","template":"template-homepage.php","meta":{"om_disable_all_campaigns":false,"_monsterinsights_skip_tracking":false,"_monsterinsights_sitenote_active":false,"_monsterinsights_sitenote_note":"","_monsterinsights_sitenote_category":0,"footnotes":""},"class_list":["post-4471","page","type-page","status-publish","hentry"],"aioseo_notices":[],"_links":{"self":[{"href":"https:\/\/setametaleurope.com\/de\/wp-json\/wp\/v2\/pages\/4471","targetHints":{"allow":["GET"]}}],"collection":[{"href":"https:\/\/setametaleurope.com\/de\/wp-json\/wp\/v2\/pages"}],"about":[{"href":"https:\/\/setametaleurope.com\/de\/wp-json\/wp\/v2\/types\/page"}],"author":[{"embeddable":true,"href":"https:\/\/setametaleurope.com\/de\/wp-json\/wp\/v2\/users\/1"}],"replies":[{"embeddable":true,"href":"https:\/\/setametaleurope.com\/de\/wp-json\/wp\/v2\/comments?post=4471"}],"version-history":[{"count":15,"href":"https:\/\/setametaleurope.com\/de\/wp-json\/wp\/v2\/pages\/4471\/revisions"}],"predecessor-version":[{"id":5004,"href":"https:\/\/setametaleurope.com\/de\/wp-json\/wp\/v2\/pages\/4471\/revisions\/5004"}],"wp:attachment":[{"href":"https:\/\/setametaleurope.com\/de\/wp-json\/wp\/v2\/media?parent=4471"}],"curies":[{"name":"wp","href":"https:\/\/api.w.org\/{rel}","templated":true}]}}