{"id":4384,"date":"2025-05-21T12:54:59","date_gmt":"2025-05-21T09:54:59","guid":{"rendered":"https:\/\/setametal.com\/new\/?page_id=4384"},"modified":"2025-12-02T14:57:56","modified_gmt":"2025-12-02T11:57:56","slug":"mission","status":"publish","type":"page","link":"https:\/\/setametaleurope.com\/de\/mission\/","title":{"rendered":"Abtretung"},"content":{"rendered":"<div data-elementor-type=\"wp-page\" data-elementor-id=\"4384\" class=\"elementor elementor-4384\">\n\t\t\t\t<div class=\"elementor-element elementor-element-f99eb99 e-flex e-con-boxed e-con e-parent\" data-id=\"f99eb99\" data-element_type=\"container\" data-settings=\"{&quot;background_background&quot;:&quot;classic&quot;}\">\n\t\t\t\t\t<div class=\"e-con-inner\">\n\t\t\t\t<div class=\"elementor-element elementor-element-0a772e1 elementor-invisible elementor-widget elementor-widget-text-editor\" data-id=\"0a772e1\" data-element_type=\"widget\" data-settings=\"{&quot;_animation&quot;:&quot;fadeInUp&quot;}\" data-widget_type=\"text-editor.default\">\n\t\t\t\t<div class=\"elementor-widget-container\">\n\t\t\t\t\t\t\t\t\t<p>Seta Metal<\/p>\t\t\t\t\t\t\t\t<\/div>\n\t\t\t\t<\/div>\n\t\t\t\t<div class=\"elementor-element elementor-element-abca5cb elementor-invisible elementor-widget elementor-widget-heading\" data-id=\"abca5cb\" data-element_type=\"widget\" data-settings=\"{&quot;_animation&quot;:&quot;fadeInUp&quot;}\" data-widget_type=\"heading.default\">\n\t\t\t\t<div class=\"elementor-widget-container\">\n\t\t\t\t\t<h2 class=\"elementor-heading-title elementor-size-default\"><span style=\"white-space-collapse: collapse;\">\u00dcber die Zukunft<\/span><\/h2>\t\t\t\t<\/div>\n\t\t\t\t<\/div>\n\t\t\t\t\t<\/div>\n\t\t\t\t<\/div>\n\t\t<div class=\"elementor-element elementor-element-5c97bed e-flex e-con-boxed e-con e-parent\" data-id=\"5c97bed\" data-element_type=\"container\">\n\t\t\t\t\t<div class=\"e-con-inner\">\n\t\t\t\t<div class=\"elementor-element elementor-element-e38f1a4 elementor-widget__width-initial elementor-widget elementor-widget-heading\" data-id=\"e38f1a4\" data-element_type=\"widget\" data-widget_type=\"heading.default\">\n\t\t\t\t<div class=\"elementor-widget-container\">\n\t\t\t\t\t<h2 class=\"elementor-heading-title elementor-size-default\"><p data-start=\"104\" data-end=\"173\">Unsere Sichtweise<\/p><\/h2>\t\t\t\t<\/div>\n\t\t\t\t<\/div>\n\t\t\t\t<div class=\"elementor-element elementor-element-f3eca9f elementor-widget__width-initial elementor-widget elementor-widget-text-editor\" data-id=\"f3eca9f\" data-element_type=\"widget\" data-widget_type=\"text-editor.default\">\n\t\t\t\t<div class=\"elementor-widget-container\">\n\t\t\t\t\t\t\t\t\t<div id=\"content\" class=\"site-content-page clear\" tabindex=\"-1\"><div class=\"col-fluid\"><div id=\"primary\" class=\"content-area\"><div class=\"elementor elementor-4384\" data-elementor-type=\"wp-page\" data-elementor-id=\"4384\"><div class=\"elementor-element elementor-element-5c97bed e-flex e-con-boxed e-con e-parent e-lazyloaded\" data-id=\"5c97bed\" data-element_type=\"container\"><div class=\"e-con-inner\"><div class=\"elementor-element elementor-element-f3eca9f elementor-widget__width-initial elementor-widget elementor-widget-text-editor\" data-id=\"f3eca9f\" data-element_type=\"widget\" data-widget_type=\"text-editor.default\"><div class=\"elementor-widget-container\"><p data-start=\"968\" data-end=\"1301\">Kundenbed\u00fcrfnisse bestm\u00f6glich verstehen, um in allen Bereichen \u2013 von Boutique-Produkten \u00fcber Rollk\u00e4fig-Systeme und Aktionsk\u00f6rbe bis hin zu speziell entwickelten Produkten \u2013 funktionale, langlebige und \u00e4sthetische L\u00f6sungen anzubieten. Durch die Anpassung an sich st\u00e4ndig weiterentwickelnde Technologien einen erstklassigen Service, p\u00fcnktliche Lieferung und maximale Kundenzufriedenheit gew\u00e4hrleisten.<\/p><\/div><\/div><\/div><\/div><\/div><\/div><\/div><\/div>\t\t\t\t\t\t\t\t<\/div>\n\t\t\t\t<\/div>\n\t\t\t\t\t<\/div>\n\t\t\t\t<\/div>\n\t\t\t\t<\/div>","protected":false},"excerpt":{"rendered":"<p>Seta Metal \u00c0 propos de l\u2019avenir Notre point de vue Comprendre au mieux les besoins des clients afin d\u2019offrir des solutions fonctionnelles, durables et esth\u00e9tiques dans tous les domaines, des produits pour boutiques aux syst\u00e8mes de roll cages, des paniers promotionnels aux produits sp\u00e9cialement con\u00e7us. Fournir un service de qualit\u00e9, une livraison ponctuelle et une [&hellip;]<\/p>\n","protected":false},"author":1,"featured_media":0,"parent":0,"menu_order":0,"comment_status":"closed","ping_status":"closed","template":"template-homepage.php","meta":{"om_disable_all_campaigns":false,"_monsterinsights_skip_tracking":false,"_monsterinsights_sitenote_active":false,"_monsterinsights_sitenote_note":"","_monsterinsights_sitenote_category":0,"footnotes":""},"class_list":["post-4384","page","type-page","status-publish","hentry"],"aioseo_notices":[],"_links":{"self":[{"href":"https:\/\/setametaleurope.com\/de\/wp-json\/wp\/v2\/pages\/4384","targetHints":{"allow":["GET"]}}],"collection":[{"href":"https:\/\/setametaleurope.com\/de\/wp-json\/wp\/v2\/pages"}],"about":[{"href":"https:\/\/setametaleurope.com\/de\/wp-json\/wp\/v2\/types\/page"}],"author":[{"embeddable":true,"href":"https:\/\/setametaleurope.com\/de\/wp-json\/wp\/v2\/users\/1"}],"replies":[{"embeddable":true,"href":"https:\/\/setametaleurope.com\/de\/wp-json\/wp\/v2\/comments?post=4384"}],"version-history":[{"count":17,"href":"https:\/\/setametaleurope.com\/de\/wp-json\/wp\/v2\/pages\/4384\/revisions"}],"predecessor-version":[{"id":4976,"href":"https:\/\/setametaleurope.com\/de\/wp-json\/wp\/v2\/pages\/4384\/revisions\/4976"}],"wp:attachment":[{"href":"https:\/\/setametaleurope.com\/de\/wp-json\/wp\/v2\/media?parent=4384"}],"curies":[{"name":"wp","href":"https:\/\/api.w.org\/{rel}","templated":true}]}}