{"id":4370,"date":"2025-05-21T12:51:52","date_gmt":"2025-05-21T09:51:52","guid":{"rendered":"https:\/\/setametal.com\/new\/?page_id=4370"},"modified":"2025-12-02T14:52:56","modified_gmt":"2025-12-02T11:52:56","slug":"about-2","status":"publish","type":"page","link":"https:\/\/setametaleurope.com\/de\/about-2\/","title":{"rendered":"About"},"content":{"rendered":"<div data-elementor-type=\"wp-page\" data-elementor-id=\"4370\" class=\"elementor elementor-4370\">\n\t\t\t\t<div class=\"elementor-element elementor-element-f99eb99 e-flex e-con-boxed e-con e-parent\" data-id=\"f99eb99\" data-element_type=\"container\" data-settings=\"{&quot;background_background&quot;:&quot;classic&quot;}\">\n\t\t\t\t\t<div class=\"e-con-inner\">\n\t\t\t\t<div class=\"elementor-element elementor-element-0a772e1 elementor-invisible elementor-widget elementor-widget-text-editor\" data-id=\"0a772e1\" data-element_type=\"widget\" data-settings=\"{&quot;_animation&quot;:&quot;fadeInUp&quot;}\" data-widget_type=\"text-editor.default\">\n\t\t\t\t<div class=\"elementor-widget-container\">\n\t\t\t\t\t\t\t\t\t<p>Seta Metal<\/p>\t\t\t\t\t\t\t\t<\/div>\n\t\t\t\t<\/div>\n\t\t\t\t<div class=\"elementor-element elementor-element-abca5cb elementor-invisible elementor-widget elementor-widget-heading\" data-id=\"abca5cb\" data-element_type=\"widget\" data-settings=\"{&quot;_animation&quot;:&quot;fadeInUp&quot;}\" data-widget_type=\"heading.default\">\n\t\t\t\t<div class=\"elementor-widget-container\">\n\t\t\t\t\t<h2 class=\"elementor-heading-title elementor-size-default\">Lernen Sie uns n\u00e4her kennen<\/h2>\t\t\t\t<\/div>\n\t\t\t\t<\/div>\n\t\t\t\t\t<\/div>\n\t\t\t\t<\/div>\n\t\t<div class=\"elementor-element elementor-element-5c97bed e-flex e-con-boxed e-con e-parent\" data-id=\"5c97bed\" data-element_type=\"container\">\n\t\t\t\t\t<div class=\"e-con-inner\">\n\t\t\t\t<div class=\"elementor-element elementor-element-e38f1a4 elementor-widget__width-initial elementor-widget elementor-widget-heading\" data-id=\"e38f1a4\" data-element_type=\"widget\" data-widget_type=\"heading.default\">\n\t\t\t\t<div class=\"elementor-widget-container\">\n\t\t\t\t\t<h2 class=\"elementor-heading-title elementor-size-default\"><span style=\"white-space-collapse: collapse;\">\u00e0 propos de<\/span><p data-start=\"104\" data-end=\"173\"><\/p><\/h2>\t\t\t\t<\/div>\n\t\t\t\t<\/div>\n\t\t\t\t<div class=\"elementor-element elementor-element-f3eca9f elementor-widget__width-initial elementor-widget elementor-widget-text-editor\" data-id=\"f3eca9f\" data-element_type=\"widget\" data-widget_type=\"text-editor.default\">\n\t\t\t\t<div class=\"elementor-widget-container\">\n\t\t\t\t\t\t\t\t\t<div id=\"content\" class=\"site-content-page clear\" tabindex=\"-1\"><div class=\"col-fluid\"><div id=\"primary\" class=\"content-area\"><p>Seta Metal a \u00e9t\u00e9 fond\u00e9e dans le but de combiner son exp\u00e9rience dans le secteur de la transformation des m\u00e9taux avec une production ax\u00e9e sur la qualit\u00e9 et des solutions innovantes. Depuis notre cr\u00e9ation, nous proposons des produits qui apportent une valeur ajout\u00e9e \u00e0 nos clients dans les domaines de l\u2019am\u00e9nagement de boutiques, des syst\u00e8mes de transport et des produits promotionnels. Au fil du temps, nous avons d\u00e9velopp\u00e9 notre parc de machines et cr\u00e9\u00e9 une large gamme de produits allant de la d\u00e9coupe laser au cintrage de fil CNC, en passant par les services de soudage de treillis m\u00e9tallique et la conception de produits sur mesure. Aujourd\u2019hui, Seta Metal est un partenaire de confiance pour de nombreuses entreprises, tant en Turquie qu\u2019\u00e0 l\u2019international.<\/p><\/div><\/div><\/div>\t\t\t\t\t\t\t\t<\/div>\n\t\t\t\t<\/div>\n\t\t\t\t\t<\/div>\n\t\t\t\t<\/div>\n\t\t\t\t<\/div>","protected":false},"excerpt":{"rendered":"<p>Seta Metal Lernen Sie uns n\u00e4her kennen \u00e0 propos de Seta Metal a \u00e9t\u00e9 fond\u00e9e dans le but de combiner son exp\u00e9rience dans le secteur de la transformation des m\u00e9taux avec une production ax\u00e9e sur la qualit\u00e9 et des solutions innovantes. Depuis notre cr\u00e9ation, nous proposons des produits qui apportent une valeur ajout\u00e9e \u00e0 nos [&hellip;]<\/p>\n","protected":false},"author":1,"featured_media":0,"parent":0,"menu_order":0,"comment_status":"closed","ping_status":"closed","template":"template-homepage.php","meta":{"om_disable_all_campaigns":false,"_monsterinsights_skip_tracking":false,"_monsterinsights_sitenote_active":false,"_monsterinsights_sitenote_note":"","_monsterinsights_sitenote_category":0,"footnotes":""},"class_list":["post-4370","page","type-page","status-publish","hentry"],"aioseo_notices":[],"_links":{"self":[{"href":"https:\/\/setametaleurope.com\/de\/wp-json\/wp\/v2\/pages\/4370","targetHints":{"allow":["GET"]}}],"collection":[{"href":"https:\/\/setametaleurope.com\/de\/wp-json\/wp\/v2\/pages"}],"about":[{"href":"https:\/\/setametaleurope.com\/de\/wp-json\/wp\/v2\/types\/page"}],"author":[{"embeddable":true,"href":"https:\/\/setametaleurope.com\/de\/wp-json\/wp\/v2\/users\/1"}],"replies":[{"embeddable":true,"href":"https:\/\/setametaleurope.com\/de\/wp-json\/wp\/v2\/comments?post=4370"}],"version-history":[{"count":17,"href":"https:\/\/setametaleurope.com\/de\/wp-json\/wp\/v2\/pages\/4370\/revisions"}],"predecessor-version":[{"id":4962,"href":"https:\/\/setametaleurope.com\/de\/wp-json\/wp\/v2\/pages\/4370\/revisions\/4962"}],"wp:attachment":[{"href":"https:\/\/setametaleurope.com\/de\/wp-json\/wp\/v2\/media?parent=4370"}],"curies":[{"name":"wp","href":"https:\/\/api.w.org\/{rel}","templated":true}]}}