{"id":236,"date":"2024-05-10T01:54:22","date_gmt":"2024-05-10T01:54:22","guid":{"rendered":"https:\/\/demo2wpopal.b-cdn.net\/tactiko\/?page_id=236"},"modified":"2025-11-04T14:09:14","modified_gmt":"2025-11-04T11:09:14","slug":"contacter","status":"publish","type":"page","link":"https:\/\/setametaleurope.com\/de\/contacter\/","title":{"rendered":"Contacter"},"content":{"rendered":"\t\t<div data-elementor-type=\"wp-page\" data-elementor-id=\"236\" class=\"elementor elementor-236\">\n\t\t\t\t<div class=\"elementor-element elementor-element-2fcfefa e-con-full e-flex e-con e-parent\" data-id=\"2fcfefa\" data-element_type=\"container\" data-settings=\"{&quot;background_background&quot;:&quot;classic&quot;}\">\n\t\t<div class=\"elementor-element elementor-element-0f07f39 e-con-full pl-vw e-flex e-con e-child\" data-id=\"0f07f39\" data-element_type=\"container\">\n\t\t\t\t<div class=\"elementor-element elementor-element-5462acd elementor-invisible elementor-widget elementor-widget-text-editor\" data-id=\"5462acd\" data-element_type=\"widget\" data-settings=\"{&quot;_animation&quot;:&quot;opal-move-right&quot;}\" data-widget_type=\"text-editor.default\">\n\t\t\t\t<div class=\"elementor-widget-container\">\n\t\t\t\t\t\t\t\t\t<p>Seta Metal<\/p>\t\t\t\t\t\t\t\t<\/div>\n\t\t\t\t<\/div>\n\t\t\t\t<div class=\"elementor-element elementor-element-a64299c elementor-widget__width-initial elementor-invisible elementor-widget elementor-widget-heading\" data-id=\"a64299c\" data-element_type=\"widget\" data-settings=\"{&quot;_animation&quot;:&quot;opal-move-right&quot;}\" data-widget_type=\"heading.default\">\n\t\t\t\t<div class=\"elementor-widget-container\">\n\t\t\t\t\t<h2 class=\"elementor-heading-title elementor-size-default\">Nous restons toujours \u00e0 votre service selon les principes de qualit\u00e9 de production, rapidit\u00e9 de livraison et satisfaction client\u00e8le.\n<\/h2>\t\t\t\t<\/div>\n\t\t\t\t<\/div>\n\t\t\t\t<\/div>\n\t\t<div class=\"elementor-element elementor-element-3b343a3 e-con-full e-flex e-con e-child\" data-id=\"3b343a3\" data-element_type=\"container\">\n\t\t\t\t<div class=\"elementor-element elementor-element-d51177b elementor-widget__width-initial elementor-widget-mobile__width-inherit elementor-widget elementor-widget-image\" data-id=\"d51177b\" data-element_type=\"widget\" data-widget_type=\"image.default\">\n\t\t\t\t<div class=\"elementor-widget-container\">\n\t\t\t\t\t\t\t\t\t\t\t\t\t\t\t<img fetchpriority=\"high\" decoding=\"async\" width=\"1302\" height=\"740\" src=\"https:\/\/setametaleurope.com\/wp-content\/uploads\/2025\/06\/iletisim.jpg\" class=\"attachment-full size-full wp-image-4582\" alt=\"\" srcset=\"https:\/\/setametaleurope.com\/wp-content\/uploads\/2025\/06\/iletisim.jpg 1302w, https:\/\/setametaleurope.com\/wp-content\/uploads\/2025\/06\/iletisim-300x171.jpg 300w, https:\/\/setametaleurope.com\/wp-content\/uploads\/2025\/06\/iletisim-1024x582.jpg 1024w, https:\/\/setametaleurope.com\/wp-content\/uploads\/2025\/06\/iletisim-768x436.jpg 768w, https:\/\/setametaleurope.com\/wp-content\/uploads\/2025\/06\/iletisim-18x10.jpg 18w, https:\/\/setametaleurope.com\/wp-content\/uploads\/2025\/06\/iletisim-450x256.jpg 450w, https:\/\/setametaleurope.com\/wp-content\/uploads\/2025\/06\/iletisim-800x455.jpg 800w\" sizes=\"(max-width: 1302px) 100vw, 1302px\" \/>\t\t\t\t\t\t\t\t\t\t\t\t\t\t\t<\/div>\n\t\t\t\t<\/div>\n\t\t\t\t<\/div>\n\t\t\t\t<\/div>\n\t\t<div class=\"elementor-element elementor-element-b832c47 e-flex e-con-boxed e-con e-parent\" data-id=\"b832c47\" data-element_type=\"container\">\n\t\t\t\t\t<div class=\"e-con-inner\">\n\t\t\t\t<div class=\"elementor-element elementor-element-34debe5 elementor-widget elementor-widget-heading\" data-id=\"34debe5\" data-element_type=\"widget\" data-widget_type=\"heading.default\">\n\t\t\t\t<div class=\"elementor-widget-container\">\n\t\t\t\t\t<h2 class=\"elementor-heading-title elementor-size-default\">Nous contacter<\/h2>\t\t\t\t<\/div>\n\t\t\t\t<\/div>\n\t\t<div class=\"elementor-element elementor-element-28fca8a e-grid e-con-boxed e-con e-child\" data-id=\"28fca8a\" data-element_type=\"container\">\n\t\t\t\t\t<div class=\"e-con-inner\">\n\t\t<div class=\"elementor-element elementor-element-fd2aead e-con-full e-flex e-con e-child\" data-id=\"fd2aead\" data-element_type=\"container\">\n\t\t\t\t<div class=\"elementor-element elementor-element-01e7d29 elementor-widget elementor-widget-heading\" data-id=\"01e7d29\" data-element_type=\"widget\" data-widget_type=\"heading.default\">\n\t\t\t\t<div class=\"elementor-widget-container\">\n\t\t\t\t\t<h4 class=\"elementor-heading-title elementor-size-default\">Contacter<\/h4>\t\t\t\t<\/div>\n\t\t\t\t<\/div>\n\t\t\t\t<div class=\"elementor-element elementor-element-7429437 elementor-widget elementor-widget-text-editor\" data-id=\"7429437\" data-element_type=\"widget\" data-widget_type=\"text-editor.default\">\n\t\t\t\t<div class=\"elementor-widget-container\">\n\t\t\t\t\t\t\t\t\t<p><b style=\"color: var(--accent);\"><strong>T\u00e9l\u00e9phone<\/strong> <br \/><\/b><b style=\"color: var(--accent);\">0538 747 12 01<br \/><\/b><br \/>Lundi: 08:30\/18:00<br \/><strong>Dimanche : Closed<\/strong><\/p>\t\t\t\t\t\t\t\t<\/div>\n\t\t\t\t<\/div>\n\t\t\t\t<\/div>\n\t\t<div class=\"elementor-element elementor-element-a763f5b e-con-full e-flex e-con e-child\" data-id=\"a763f5b\" data-element_type=\"container\">\n\t\t\t\t<div class=\"elementor-element elementor-element-3d85323 elementor-widget elementor-widget-heading\" data-id=\"3d85323\" data-element_type=\"widget\" data-widget_type=\"heading.default\">\n\t\t\t\t<div class=\"elementor-widget-container\">\n\t\t\t\t\t<h4 class=\"elementor-heading-title elementor-size-default\">email<\/h4>\t\t\t\t<\/div>\n\t\t\t\t<\/div>\n\t\t\t\t<div class=\"elementor-element elementor-element-57f2f0a elementor-widget__width-initial elementor-widget elementor-widget-text-editor\" data-id=\"57f2f0a\" data-element_type=\"widget\" data-widget_type=\"text-editor.default\">\n\t\t\t\t<div class=\"elementor-widget-container\">\n\t\t\t\t\t\t\t\t\t<p>Envoyez-nous un message par e-mail, nous vous r\u00e9pondrons dans les meilleurs d\u00e9lais<\/p>\t\t\t\t\t\t\t\t<\/div>\n\t\t\t\t<\/div>\n\t\t\t\t<div class=\"elementor-element elementor-element-222f712 elementor-button-default elementor-widget elementor-widget-button\" data-id=\"222f712\" data-element_type=\"widget\" data-widget_type=\"button.default\">\n\t\t\t\t<div class=\"elementor-widget-container\">\n\t\t\t\t\t\t\t\t\t<div class=\"elementor-button-wrapper\">\n\t\t\t\t\t<a class=\"elementor-button elementor-button-link elementor-size-sm\" href=\"#\">\n\t\t\t\t\t\t<span class=\"elementor-button-content-wrapper\">\n\t\t\t\t\t\t<span class=\"elementor-button-icon\">\n\t\t\t\t<i aria-hidden=\"true\" class=\"tactiko-icon- tactiko-icon-arrow-right-double\"><\/i>\t\t\t<\/span>\n\t\t\t\t\t\t\t\t\t<span class=\"elementor-button-text\">\u00c9crire un e-mail<\/span>\n\t\t\t\t\t<\/span>\n\t\t\t\t\t<\/a>\n\t\t\t\t<\/div>\n\t\t\t\t\t\t\t\t<\/div>\n\t\t\t\t<\/div>\n\t\t\t\t<\/div>\n\t\t<div class=\"elementor-element elementor-element-bd19467 e-con-full e-flex e-con e-child\" data-id=\"bd19467\" data-element_type=\"container\">\n\t\t\t\t<div class=\"elementor-element elementor-element-b3157d2 elementor-widget elementor-widget-heading\" data-id=\"b3157d2\" data-element_type=\"widget\" data-widget_type=\"heading.default\">\n\t\t\t\t<div class=\"elementor-widget-container\">\n\t\t\t\t\t<h4 class=\"elementor-heading-title elementor-size-default\">Usine <\/h4>\t\t\t\t<\/div>\n\t\t\t\t<\/div>\n\t\t\t\t<div class=\"elementor-element elementor-element-6bdb375 elementor-widget__width-initial elementor-widget elementor-widget-text-editor\" data-id=\"6bdb375\" data-element_type=\"widget\" data-widget_type=\"text-editor.default\">\n\t\t\t\t<div class=\"elementor-widget-container\">\n\t\t\t\t\t\t\t\t\t<p>Tahtal\u0131 mahallesi, 50(470). Sk. No: 127\/6A Nil\u00fcfer\/BURSA<\/p>\t\t\t\t\t\t\t\t<\/div>\n\t\t\t\t<\/div>\n\t\t\t\t<div class=\"elementor-element elementor-element-bfd29a7 elementor-button-default elementor-widget elementor-widget-button\" data-id=\"bfd29a7\" data-element_type=\"widget\" data-widget_type=\"button.default\">\n\t\t\t\t<div class=\"elementor-widget-container\">\n\t\t\t\t\t\t\t\t\t<div class=\"elementor-button-wrapper\">\n\t\t\t\t\t<a class=\"elementor-button elementor-button-link elementor-size-sm\" href=\"https:\/\/maps.app.goo.gl\/GGDtB4TSBtgvEvyMA\">\n\t\t\t\t\t\t<span class=\"elementor-button-content-wrapper\">\n\t\t\t\t\t\t<span class=\"elementor-button-icon\">\n\t\t\t\t<i aria-hidden=\"true\" class=\"tactiko-icon- tactiko-icon-arrow-right-double\"><\/i>\t\t\t<\/span>\n\t\t\t\t\t\t\t\t\t<span class=\"elementor-button-text\">Voir l'emplacement<\/span>\n\t\t\t\t\t<\/span>\n\t\t\t\t\t<\/a>\n\t\t\t\t<\/div>\n\t\t\t\t\t\t\t\t<\/div>\n\t\t\t\t<\/div>\n\t\t\t\t<\/div>\n\t\t<div class=\"elementor-element elementor-element-0b788de e-con-full e-flex e-con e-child\" data-id=\"0b788de\" data-element_type=\"container\">\n\t\t\t\t<div class=\"elementor-element elementor-element-0b5382f elementor-widget elementor-widget-heading\" data-id=\"0b5382f\" data-element_type=\"widget\" data-widget_type=\"heading.default\">\n\t\t\t\t<div class=\"elementor-widget-container\">\n\t\t\t\t\t<h4 class=\"elementor-heading-title elementor-size-default\">Obtenir un devis<\/h4>\t\t\t\t<\/div>\n\t\t\t\t<\/div>\n\t\t\t\t<div class=\"elementor-element elementor-element-54668d8 elementor-widget__width-initial elementor-widget elementor-widget-text-editor\" data-id=\"54668d8\" data-element_type=\"widget\" data-widget_type=\"text-editor.default\">\n\t\t\t\t<div class=\"elementor-widget-container\">\n\t\t\t\t\t\t\t\t\t<article class=\"text-token-text-primary w-full focus:outline-none scroll-mt-[calc(var(--header-height)+min(200px,max(70px,20svh)))]\" dir=\"auto\" tabindex=\"-1\" data-turn-id=\"request-WEB:558ba8c8-8294-4fe3-ac1a-40f44532ed90-57\" data-testid=\"conversation-turn-116\" data-scroll-anchor=\"true\" data-turn=\"assistant\"><div class=\"text-base my-auto mx-auto pb-10 [--thread-content-margin:--spacing(4)] thread-sm:[--thread-content-margin:--spacing(6)] thread-lg:[--thread-content-margin:--spacing(16)] px-(--thread-content-margin)\"><div class=\"[--thread-content-max-width:40rem] thread-lg:[--thread-content-max-width:48rem] mx-auto max-w-(--thread-content-max-width) flex-1 group\/turn-messages focus-visible:outline-hidden relative flex w-full min-w-0 flex-col agent-turn\" tabindex=\"-1\"><div class=\"flex max-w-full flex-col grow\"><div class=\"min-h-8 text-message relative flex w-full flex-col items-end gap-2 text-start break-words whitespace-normal [.text-message+&amp;]:mt-5\" dir=\"auto\" data-message-author-role=\"assistant\" data-message-id=\"53942a78-4766-41c0-af9d-ad3030a94a98\" data-message-model-slug=\"gpt-4o\"><div class=\"flex w-full flex-col gap-1 empty:hidden first:pt-[3px]\"><div class=\"markdown prose dark:prose-invert w-full break-words dark markdown-new-styling\"><p data-start=\"88\" data-end=\"162\" data-is-last-node=\"\" data-is-only-node=\"\">Cliquez sur le bouton suivant pour recevoir un devis.<\/p><\/div><\/div><\/div><\/div><\/div><\/div><\/article>\t\t\t\t\t\t\t\t<\/div>\n\t\t\t\t<\/div>\n\t\t\t\t<div class=\"elementor-element elementor-element-1667db3 elementor-button-default elementor-widget elementor-widget-button\" data-id=\"1667db3\" data-element_type=\"widget\" data-widget_type=\"button.default\">\n\t\t\t\t<div class=\"elementor-widget-container\">\n\t\t\t\t\t\t\t\t\t<div class=\"elementor-button-wrapper\">\n\t\t\t\t\t<a class=\"elementor-button elementor-button-link elementor-size-sm\" href=\"#\">\n\t\t\t\t\t\t<span class=\"elementor-button-content-wrapper\">\n\t\t\t\t\t\t<span class=\"elementor-button-icon\">\n\t\t\t\t<i aria-hidden=\"true\" class=\"tactiko-icon- tactiko-icon-arrow-right-double\"><\/i>\t\t\t<\/span>\n\t\t\t\t\t\t\t\t\t<span class=\"elementor-button-text\">Jetzt ein Angebot erhalten<\/span>\n\t\t\t\t\t<\/span>\n\t\t\t\t\t<\/a>\n\t\t\t\t<\/div>\n\t\t\t\t\t\t\t\t<\/div>\n\t\t\t\t<\/div>\n\t\t\t\t<\/div>\n\t\t\t\t\t<\/div>\n\t\t\t\t<\/div>\n\t\t\t\t\t<\/div>\n\t\t\t\t<\/div>\n\t\t<div class=\"elementor-element elementor-element-3e9e3a6 e-con-full e-flex e-con e-parent\" data-id=\"3e9e3a6\" data-element_type=\"container\">\n\t\t\t\t<div class=\"elementor-element elementor-element-b73221c elementor-widget elementor-widget-google_maps\" data-id=\"b73221c\" data-element_type=\"widget\" data-widget_type=\"google_maps.default\">\n\t\t\t\t<div class=\"elementor-widget-container\">\n\t\t\t\t\t\t\t<div class=\"elementor-custom-embed\">\n\t\t\t<iframe loading=\"lazy\"\n\t\t\t\t\tsrc=\"https:\/\/maps.google.com\/maps?q=SETA%20METAL%20LAZER%20KES%C4%B0M&#038;t=m&#038;z=17&#038;output=embed&#038;iwloc=near\"\n\t\t\t\t\ttitle=\"SETA METAL LAZER KES\u0130M\"\n\t\t\t\t\taria-label=\"SETA METAL LAZER KES\u0130M\"\n\t\t\t><\/iframe>\n\t\t<\/div>\n\t\t\t\t\t\t<\/div>\n\t\t\t\t<\/div>\n\t\t\t\t<\/div>\n\t\t\t\t<\/div>\n\t\t","protected":false},"excerpt":{"rendered":"<p>Seta Metal Nous restons toujours \u00e0 votre service selon les principes de qualit\u00e9 de production, rapidit\u00e9 de livraison et satisfaction client\u00e8le. Nous contacter Contacter T\u00e9l\u00e9phone 0538 747 12 01Lundi: 08:30\/18:00Dimanche : Closed email Envoyez-nous un message par e-mail, nous vous r\u00e9pondrons dans les meilleurs d\u00e9lais \u00c9crire un e-mail Usine Tahtal\u0131 mahallesi, 50(470). Sk. No: 127\/6A [&hellip;]<\/p>\n","protected":false},"author":1,"featured_media":0,"parent":0,"menu_order":0,"comment_status":"closed","ping_status":"closed","template":"template-homepage.php","meta":{"om_disable_all_campaigns":false,"_monsterinsights_skip_tracking":false,"_monsterinsights_sitenote_active":false,"_monsterinsights_sitenote_note":"","_monsterinsights_sitenote_category":0,"footnotes":""},"class_list":["post-236","page","type-page","status-publish","hentry"],"aioseo_notices":[],"_links":{"self":[{"href":"https:\/\/setametaleurope.com\/de\/wp-json\/wp\/v2\/pages\/236","targetHints":{"allow":["GET"]}}],"collection":[{"href":"https:\/\/setametaleurope.com\/de\/wp-json\/wp\/v2\/pages"}],"about":[{"href":"https:\/\/setametaleurope.com\/de\/wp-json\/wp\/v2\/types\/page"}],"author":[{"embeddable":true,"href":"https:\/\/setametaleurope.com\/de\/wp-json\/wp\/v2\/users\/1"}],"replies":[{"embeddable":true,"href":"https:\/\/setametaleurope.com\/de\/wp-json\/wp\/v2\/comments?post=236"}],"version-history":[{"count":35,"href":"https:\/\/setametaleurope.com\/de\/wp-json\/wp\/v2\/pages\/236\/revisions"}],"predecessor-version":[{"id":4938,"href":"https:\/\/setametaleurope.com\/de\/wp-json\/wp\/v2\/pages\/236\/revisions\/4938"}],"wp:attachment":[{"href":"https:\/\/setametaleurope.com\/de\/wp-json\/wp\/v2\/media?parent=236"}],"curies":[{"name":"wp","href":"https:\/\/api.w.org\/{rel}","templated":true}]}}